{"id":2199,"date":"2025-12-15T11:37:21","date_gmt":"2025-12-15T14:37:21","guid":{"rendered":"https:\/\/metropolitanafz.com\/tabela-da-liga\/"},"modified":"2026-01-02T11:58:13","modified_gmt":"2026-01-02T14:58:13","slug":"tabela-da-liga","status":"publish","type":"page","link":"https:\/\/metropolitanafz.com\/pt-br\/tabela-da-liga\/","title":{"rendered":"Tabela da Liga"},"content":{"rendered":"<div class=\"wpb-content-wrapper\"><p>[vc_row][vc_column][vc_column_text css=&#8221;&#8221;]<\/p>\n<h1>Liga Metropolitana<\/h1>\n<p>[\/vc_column_text][\/vc_column][vc_column][vc_column_text css=&#8221;&#8221;]<\/p>\n<p class=\"p1\">Liga Metropolitana Fortaleza \u00e9 um torneio de futebol amador em Fortaleza. 12 equipes, regulamento oficial, transmiss\u00f5es e estat\u00edsticas.<\/p>\n<p>[\/vc_column_text][\/vc_column][vc_column offset=&#8221;vc_hidden-md vc_hidden-sm vc_hidden-xs&#8221;][stm_league_table id=&#8221;107&#8243; title=&#8221;Tabela da Fase de Grupos&#8221; count=&#8221;12&#8243;][\/vc_column][\/vc_row][vc_row][vc_column offset=&#8221;vc_hidden-lg&#8221;][stm_league_table id=&#8221;202&#8243; title=&#8221;Tabela da Fase de Grupos&#8221; count=&#8221;12&#8243;][\/vc_column][\/vc_row][vc_row][vc_column][stm_next_match_list view_type=&#8221;style_two&#8221; count=&#8221;2&#8243; pick_team=&#8221;0&#8243;][\/vc_column][\/vc_row][vc_row][vc_column][vc_btn title=&#8221;Baixe o regulamento (PDF)&#8221; css=&#8221;&#8221; link=&#8221;url:https%3A%2F%2Fmetropolitanafz.com%2Fwp-content%2Fuploads%2F2025%2F12%2Fsample.pdf|target:_blank|&#8221;][\/vc_column][\/vc_row]<\/p>\n<\/div>","protected":false},"excerpt":{"rendered":"<p>[vc_row][vc_column][vc_column_text css=&#8221;&#8221;] Liga Metropolitana [\/vc_column_text][\/vc_column][vc_column][vc_column_text css=&#8221;&#8221;] Liga Metropolitana Fortaleza \u00e9 um torneio de futebol amador em Fortaleza. 12 equipes, regulamento oficial, transmiss\u00f5es e estat\u00edsticas. [\/vc_column_text][\/vc_column][vc_column offset=&#8221;vc_hidden-md vc_hidden-sm vc_hidden-xs&#8221;][stm_league_table id=&#8221;107&#8243; title=&#8221;Tabela da Fase de Grupos&#8221; count=&#8221;12&#8243;][\/vc_column][\/vc_row][vc_row][vc_column offset=&#8221;vc_hidden-lg&#8221;][stm_league_table id=&#8221;202&#8243; title=&#8221;Tabela da Fase de Grupos&#8221; count=&#8221;12&#8243;][\/vc_column][\/vc_row][vc_row][vc_column][stm_next_match_list view_type=&#8221;style_two&#8221; count=&#8221;2&#8243; pick_team=&#8221;0&#8243;][\/vc_column][\/vc_row][vc_row][vc_column][vc_btn title=&#8221;Baixe o regulamento (PDF)&#8221; css=&#8221;&#8221; link=&#8221;url:https%3A%2F%2Fmetropolitanafz.com%2Fwp-content%2Fuploads%2F2025%2F12%2Fsample.pdf|target:_blank|&#8221;][\/vc_column][\/vc_row]<\/p>\n","protected":false},"author":1,"featured_media":0,"parent":0,"menu_order":0,"comment_status":"closed","ping_status":"closed","template":"","meta":{"_acf_changed":false,"footnotes":""},"class_list":["post-2199","page","type-page","status-publish","hentry"],"acf":[],"_links":{"self":[{"href":"https:\/\/metropolitanafz.com\/pt-br\/wp-json\/wp\/v2\/pages\/2199","targetHints":{"allow":["GET"]}}],"collection":[{"href":"https:\/\/metropolitanafz.com\/pt-br\/wp-json\/wp\/v2\/pages"}],"about":[{"href":"https:\/\/metropolitanafz.com\/pt-br\/wp-json\/wp\/v2\/types\/page"}],"author":[{"embeddable":true,"href":"https:\/\/metropolitanafz.com\/pt-br\/wp-json\/wp\/v2\/users\/1"}],"replies":[{"embeddable":true,"href":"https:\/\/metropolitanafz.com\/pt-br\/wp-json\/wp\/v2\/comments?post=2199"}],"version-history":[{"count":5,"href":"https:\/\/metropolitanafz.com\/pt-br\/wp-json\/wp\/v2\/pages\/2199\/revisions"}],"predecessor-version":[{"id":2315,"href":"https:\/\/metropolitanafz.com\/pt-br\/wp-json\/wp\/v2\/pages\/2199\/revisions\/2315"}],"wp:attachment":[{"href":"https:\/\/metropolitanafz.com\/pt-br\/wp-json\/wp\/v2\/media?parent=2199"}],"curies":[{"name":"wp","href":"https:\/\/api.w.org\/{rel}","templated":true}]}}